{"id":8,"date":"2014-07-29T16:11:45","date_gmt":"2014-07-29T15:11:45","guid":{"rendered":"http:\/\/isepro.de\/?page_id=8"},"modified":"2023-02-12T16:32:59","modified_gmt":"2023-02-12T15:32:59","slug":"unternehmen","status":"publish","type":"page","link":"https:\/\/www.isepro.de\/?page_id=8","title":{"rendered":"Unternehmen"},"content":{"rendered":"\n<figure class=\"wp-block-image size-full\"><a href=\"https:\/\/www.isepro.de\/wp-content\/uploads\/2015\/01\/Fotolia_72616290_XL.jpg\"><img decoding=\"async\" src=\"https:\/\/www.isepro.de\/wp-content\/uploads\/2015\/01\/Fotolia_72616290_XL.jpg\" alt=\"\" class=\"wp-image-106\"\/><\/a><\/figure>\n\n\n<h2>Willkommen bei der ISEPRO GmbH<\/h2>\n<p>Das Team der\u00a0ISEPRO GmbH besch\u00e4ftigt sich seit mehreren Jahren \u00fcberwiegend mit komplexen Abwicklungen in gerichtlichen Insolvenzverfahren und auftragsbezogene Abwicklungen in Vollstreckungs- und \u00dcbereignungsangelegenheiten f\u00fcr Kreditinstitute, Leasinggesellschaften und andere Gl\u00e4ubiger. Eine umfassende Bearbeitung dieser Auftr\u00e4ge dient insbesondere der Entlastung unserer Auftraggeber und einer Steigerung etwaiger Verwertungserl\u00f6se. Detaillierte Sachstandskenntnis vor Ort ist dabei die entscheidende Basis f\u00fcr eine effiziente Abwicklung der Auftr\u00e4ge.<\/p>\n<h4>&gt;&gt; Transparenz, Integrit\u00e4t und professionelles Handeln<\/h4>\n<p>Mit dieser Philosophie arbeitet unser Team bereits seit Jahren erfolgreich als Dienstleister f\u00fcr Insolvenzverwalter und Kreditinstitute.<\/p>","protected":false},"excerpt":{"rendered":"<p>Willkommen bei der ISEPRO GmbH Das Team der\u00a0ISEPRO GmbH besch\u00e4ftigt sich seit mehreren Jahren \u00fcberwiegend mit komplexen Abwicklungen in gerichtlichen Insolvenzverfahren und auftragsbezogene Abwicklungen in Vollstreckungs- und \u00dcbereignungsangelegenheiten f\u00fcr Kreditinstitute, Leasinggesellschaften und andere Gl\u00e4ubiger. Eine umfassende Bearbeitung dieser Auftr\u00e4ge dient insbesondere der Entlastung unserer Auftraggeber und einer Steigerung etwaiger Verwertungserl\u00f6se. Detaillierte Sachstandskenntnis vor Ort ist [&hellip;]<\/p>\n","protected":false},"author":3,"featured_media":0,"parent":0,"menu_order":0,"comment_status":"closed","ping_status":"closed","template":"","meta":{"footnotes":""},"class_list":["post-8","page","type-page","status-publish","hentry"],"_links":{"self":[{"href":"https:\/\/www.isepro.de\/index.php?rest_route=\/wp\/v2\/pages\/8","targetHints":{"allow":["GET"]}}],"collection":[{"href":"https:\/\/www.isepro.de\/index.php?rest_route=\/wp\/v2\/pages"}],"about":[{"href":"https:\/\/www.isepro.de\/index.php?rest_route=\/wp\/v2\/types\/page"}],"author":[{"embeddable":true,"href":"https:\/\/www.isepro.de\/index.php?rest_route=\/wp\/v2\/users\/3"}],"replies":[{"embeddable":true,"href":"https:\/\/www.isepro.de\/index.php?rest_route=%2Fwp%2Fv2%2Fcomments&post=8"}],"version-history":[{"count":29,"href":"https:\/\/www.isepro.de\/index.php?rest_route=\/wp\/v2\/pages\/8\/revisions"}],"predecessor-version":[{"id":293,"href":"https:\/\/www.isepro.de\/index.php?rest_route=\/wp\/v2\/pages\/8\/revisions\/293"}],"wp:attachment":[{"href":"https:\/\/www.isepro.de\/index.php?rest_route=%2Fwp%2Fv2%2Fmedia&parent=8"}],"curies":[{"name":"wp","href":"https:\/\/api.w.org\/{rel}","templated":true}]}}