{"id":59,"date":"2014-12-08T16:39:50","date_gmt":"2014-12-08T14:39:50","guid":{"rendered":"http:\/\/isepro.de\/?page_id=59"},"modified":"2023-02-12T16:30:03","modified_gmt":"2023-02-12T15:30:03","slug":"agb","status":"publish","type":"page","link":"https:\/\/www.isepro.de\/?page_id=59","title":{"rendered":"AGB"},"content":{"rendered":"<h3>Allgemeine Gesch\u00e4fts- und Verkaufsbedingungen<br \/>\nISEPRO GmbH, Mozartstra\u00dfe 13, 71093 Weil im Sch\u00f6nbuch<\/h3>\n<ol>\n<li style=\"list-style-type: none;\">\n<ol>\n<li>Die Auktion oder der Verkauf wird in Namen und f\u00fcr Rechnung des Auftraggebers durchgef\u00fchrt. Mit der Teilnahme an dieser Auktion bzw. Verkauf erkennt der Bieter und der K\u00e4ufer die nachstehenden allgemeinen Versteigerungs-und Verkaufsbedingungen an. Sie sind Bestandteil eines jeden Kaufvertrages.<\/li>\n<li>Der Verkauf der Objekte erfolgt ab Standort in dem Zustand, in dem sie sich zum Zeitpunkt der Versteigerung bzw. Verkauf befinden. Der K\u00e4ufer erkennt an, dass jegliche Reklamation ausgeschlossen ist und keinerlei Gew\u00e4hr f\u00fcr G\u00fcte, Beschaffenheit, Vollst\u00e4ndigkeit, offene oder versteckte M\u00e4ngel, sonstige Sch\u00e4den oder besondere Eigenschaften \u00fcbernommen wird. Technische Daten, Ma\u00df- und Gewichtsangaben, Baujahre und sonstige Warenbeschreibungen sind unverbindlich, soweit rechtlich zul\u00e4ssig. Die Auflistungen der Objekte sind sorgf\u00e4ltig und nach bestem Gewissen erstellt.<\/li>\n<li>Der Bieter bzw. K\u00e4ufer verpflichtet sich, die Objekte vor Erwerb zu besichtigen. Katalogangaben sind stets freibleibend und ohne Garantie. Die Haftung des Auktionators, seines gesetzlichen Vertreters oder Erf\u00fcllungsgehilfen f\u00fcr Sch\u00e4den aus der Verletzung des Lebens, des K\u00f6rpers oder der Gesundheit ist ausgeschlossen.<\/li>\n<li>In der Regel werden die Objekte nach fortlaufenden Nummern versteigert. In Einzelf\u00e4llen behalten wir uns vor, die Reihenfolge zu \u00e4ndern, Positionen zusammenzufassen oder auszuklammern. Jedes Gebot kann ohne Angaben von Gr\u00fcnden zur\u00fcckgewiesen oder der Zuschlag verweigert oder unter Vorbehalt erfolgen. Im Zweifel kann ein Zuschlag aufgehoben und neu ausgerufen werden.<\/li>\n<li>Der Zuschlag erfolgt nach dreimaligem Aufruf. Der Zuschlag erh\u00e4lt der H\u00f6chstbietende. Wenn mehrere Personen zugleich ein und dasselbe Gebot abgeben, entscheidet der Versteigerer. Bestehen Zweifel \u00fcber einen Zuschlag, kann der Versteigerer neu aufrufen. In allen F\u00e4llen gilt alleine die Anordnung des Versteigerers. Mindestgebote kann der Auktionator nach seinem Ermessen f\u00fcr die ganze Versteigerung festlegen. Sollte das Mindestgebot nicht erreicht werden, kann der Auktionator das Gebot ablehnen oder unter Vorbehalt zuschlagen. Der Bieter ist f\u00fcr 7 Werktage an sein Gebot gebunden. Erh\u00e4lt er in dieser Zeit nicht den vorbehaltlosen Zuschlag, erlischt sein Gebot.<\/li>\n<li>Alle Preise verstehen sich in Euro. Der Kaufpreis setzt sich aus der Zuschlagssumme und dem vom Ersteigerer zu zahlenden Aufgeld von 15% auf diese Zuschlagssumme zusammen. Auf dem Betrag der Zuschlagssumme sowie des Aufgeldes wird die gesetzliche Mehrwertsteuer von derzeit 19% erhoben.<\/li>\n<li>Mit dem Zuschlag verpflichtet sich der K\u00e4ufer zur Abnahme und sofortigen Bezahlung. Der Versteigerungsgegenstand gilt mit dem Zuschlag an den H\u00f6chstbietenden als \u00fcbergeben. Haftung und Gefahr des zuf\u00e4lligen Unterganges, des Verlustes oder Besch\u00e4digung durch Feuer, Wasser, Sturm, Diebstahl geht auf dem K\u00e4ufer \u00fcber. Dies trifft auch f\u00fcr Zubeh\u00f6rteile zu. Das Recht auf Eigentum geht jedoch erst nach vollst\u00e4ndiger Zahlung auf den K\u00e4ufer \u00fcber.<\/li>\n<li>Die Zahlung der Gesamtforderung muss in bar oder durch bankbest\u00e4tigten Scheck nach Zuschlagserteilung am Versteigerungs-oder Verkaufstag an den Auktionator erfolgen. Wird diese Verpflichtung nicht eingehalten, wird der Kaufgegenstand nochmals versteigert bzw. verkauft. Dabei wird der erste K\u00e4ufer nicht zugelassen. Er bleibt f\u00fcr den Mindererl\u00f6s pers\u00f6nlich haftbar, auf einen Mehrerl\u00f6s hat er keinen Anspruch. Der K\u00e4ufer ist nicht berechtigt mit Zahlungsanspr\u00fcchen gegen die ISEPRO GmbH aufzurechnen.<\/li>\n<li>Erst nach vollst\u00e4ndiger Zahlung kann die Abholung der ersteigerten Objekte erfolgen, wobei sich die Preise f\u00fcr jeden Gegenstand ab Fundament oder Standort undemontiert und unverladen verstehen. Die Abholung muss zu den angegebenen Terminen erfolgen. F\u00fcr die versp\u00e4tete Abholung k\u00f6nnen Geb\u00fchren pro Tag erhoben werden. Diese berechnet sich nach den jeweiligen Stand-und Mietkosten. Die Demontage und der Abtransport der Objekte erfolgt auf Kosten und Risiko des Bieters oder K\u00e4ufers oder seiner Erf\u00fcllungsgehilfen. Erfolgt innerhalb der Abholungsfrist keine Abholung ist der Auktionator berechtigt, nach erfolgter einmaliger Mahnung, ohne weitere Aufforderung im Rahmen des Schadensersatzes, das oder die Objekt(e) neu zu versteigern bzw. verkaufen. Ein etwaiger Mindererl\u00f6s und die dadurch anfallenden Kosten gehen zu Lasten des Ersterwerbers.<\/li>\n<li>F\u00fcr Unf\u00e4lle w\u00e4hrend der Besichtigung, Versteigerung und Abholung wird keine Haftung \u00fcbernommen. Das In Betrieb setzen von Ger\u00e4ten ist strengstens untersagt. Den Anweisungen des Personals der ISEPRO GmbH ist Folge zu leisten. Der K\u00e4ufer bzw. Besucher haftet f\u00fcr verursachte Sch\u00e4den, Unf\u00e4lle, gleich welcher Art.<\/li>\n<li>Der Versteigerer ist berechtigt, in eigenem Namen f\u00fcr Rechnung des Auftraggebers Kaufgelder und Nebenforderungen einzuziehen und einzuklagen.<\/li>\n<li>Ein Bieter, welcher im Auftrag eines Anderen ersteigert, muss sich legitimieren und eine Vollmacht vorlegen. Er haftet neben diesem selbstschuldnerisch.<\/li>\n<li>Erstellte Rechnungen unmittelbar nach der Versteigerung oder Verkauf bed\u00fcrfen der nochmaligen Pr\u00fcfung, so dass nachtr\u00e4gliche Korrekturen zul\u00e4ssig sind.<\/li>\n<li>Die f\u00fcr die Abwicklung ben\u00f6tigten personenbezogenen Daten nehmen wir in Dateien auf und verarbeiten sie, worauf gem\u00e4\u00df Bundesdatenschutzgesetz (BDSG) hingewiesen wird. Der K\u00e4ufer stimmt der Speicherung der Daten zum Zwecke der Vertragsdurchf\u00fchrung zu. Der Bieter oder K\u00e4ufer bekommt eine Bieterkarte nur mit Vorlage eines g\u00fcltigen Personalausweises. Dieser wird in der Regel kopiert. Nach erfolgter Abwicklung der Zahlungsmodalit\u00e4ten und Abholung, werden diese Kopien vernichtet.<\/li>\n<li>Jeder Bieter hat die auf seinen Namen ausgestellte Bieterkarte bis zum Ende der Versteigerung sorgf\u00e4ltig aufzubewahren. F\u00fcr Missbrauch mit der Bieternummer haftet der Bieter.<\/li>\n<li>Erf\u00fcllungsort und Gerichtsstand ist Weil im Sch\u00f6nbuch.<\/li>\n<\/ol>\n<\/li>\n<\/ol>\n","protected":false},"excerpt":{"rendered":"<p>Allgemeine Gesch\u00e4fts- und Verkaufsbedingungen ISEPRO GmbH, Mozartstra\u00dfe 13, 71093 Weil im Sch\u00f6nbuch Die Auktion oder der Verkauf wird in Namen und f\u00fcr Rechnung des Auftraggebers durchgef\u00fchrt. Mit der Teilnahme an dieser Auktion bzw. Verkauf erkennt der Bieter und der K\u00e4ufer die nachstehenden allgemeinen Versteigerungs-und Verkaufsbedingungen an. Sie sind Bestandteil eines jeden Kaufvertrages. Der Verkauf der [&hellip;]<\/p>\n","protected":false},"author":3,"featured_media":0,"parent":0,"menu_order":0,"comment_status":"closed","ping_status":"open","template":"","meta":{"footnotes":""},"class_list":["post-59","page","type-page","status-publish","hentry"],"_links":{"self":[{"href":"https:\/\/www.isepro.de\/index.php?rest_route=\/wp\/v2\/pages\/59","targetHints":{"allow":["GET"]}}],"collection":[{"href":"https:\/\/www.isepro.de\/index.php?rest_route=\/wp\/v2\/pages"}],"about":[{"href":"https:\/\/www.isepro.de\/index.php?rest_route=\/wp\/v2\/types\/page"}],"author":[{"embeddable":true,"href":"https:\/\/www.isepro.de\/index.php?rest_route=\/wp\/v2\/users\/3"}],"replies":[{"embeddable":true,"href":"https:\/\/www.isepro.de\/index.php?rest_route=%2Fwp%2Fv2%2Fcomments&post=59"}],"version-history":[{"count":11,"href":"https:\/\/www.isepro.de\/index.php?rest_route=\/wp\/v2\/pages\/59\/revisions"}],"predecessor-version":[{"id":289,"href":"https:\/\/www.isepro.de\/index.php?rest_route=\/wp\/v2\/pages\/59\/revisions\/289"}],"wp:attachment":[{"href":"https:\/\/www.isepro.de\/index.php?rest_route=%2Fwp%2Fv2%2Fmedia&parent=59"}],"curies":[{"name":"wp","href":"https:\/\/api.w.org\/{rel}","templated":true}]}}