{"id":15,"date":"2014-07-29T16:30:39","date_gmt":"2014-07-29T14:30:39","guid":{"rendered":"http:\/\/isepro.de\/?page_id=15"},"modified":"2023-02-12T16:18:32","modified_gmt":"2023-02-12T15:18:32","slug":"leistungen","status":"publish","type":"page","link":"https:\/\/www.isepro.de\/?page_id=15","title":{"rendered":"Leistungen"},"content":{"rendered":"<h4>Profitieren Sie von unseren umfangreichen Serviceleistungen<\/h4>\n<p>Wir bieten Ihnen:<\/p>\n<ul>\n<li>Bewertung, Inventarisierung und Verwertung von Anlage- und Umlaufverm\u00f6gen<\/li>\n<li>Sicherstellungen von Fahrzeugen, Maschinen etc.<\/li>\n<li>Planung, Organisation und Ausf\u00fchrung von Aussonderungsterminen<\/li>\n<li>Datensicherungen<\/li>\n<li>Verwertung<\/li>\n<li>Objektr\u00e4umungen<\/li>\n<li>Akteneinlagerung<\/li>\n<li>Immobilienbe- und verwertung<\/li>\n<li>Unterst\u00fctzung in Unternehmensfortf\u00fchrungen(Auftragsplanung, Controlling, Interimsmanagement, etc.)<\/li>\n<\/ul>\n","protected":false},"excerpt":{"rendered":"<p>Profitieren Sie von unseren umfangreichen Serviceleistungen Wir bieten Ihnen: Bewertung, Inventarisierung und Verwertung von Anlage- und Umlaufverm\u00f6gen Sicherstellungen von Fahrzeugen, Maschinen etc. Planung, Organisation und Ausf\u00fchrung von Aussonderungsterminen Datensicherungen Verwertung Objektr\u00e4umungen Akteneinlagerung Immobilienbe- und verwertung Unterst\u00fctzung in Unternehmensfortf\u00fchrungen(Auftragsplanung, Controlling, Interimsmanagement, etc.)<\/p>\n","protected":false},"author":3,"featured_media":0,"parent":0,"menu_order":0,"comment_status":"closed","ping_status":"open","template":"","meta":{"footnotes":""},"class_list":["post-15","page","type-page","status-publish","hentry"],"_links":{"self":[{"href":"https:\/\/www.isepro.de\/index.php?rest_route=\/wp\/v2\/pages\/15","targetHints":{"allow":["GET"]}}],"collection":[{"href":"https:\/\/www.isepro.de\/index.php?rest_route=\/wp\/v2\/pages"}],"about":[{"href":"https:\/\/www.isepro.de\/index.php?rest_route=\/wp\/v2\/types\/page"}],"author":[{"embeddable":true,"href":"https:\/\/www.isepro.de\/index.php?rest_route=\/wp\/v2\/users\/3"}],"replies":[{"embeddable":true,"href":"https:\/\/www.isepro.de\/index.php?rest_route=%2Fwp%2Fv2%2Fcomments&post=15"}],"version-history":[{"count":17,"href":"https:\/\/www.isepro.de\/index.php?rest_route=\/wp\/v2\/pages\/15\/revisions"}],"predecessor-version":[{"id":280,"href":"https:\/\/www.isepro.de\/index.php?rest_route=\/wp\/v2\/pages\/15\/revisions\/280"}],"wp:attachment":[{"href":"https:\/\/www.isepro.de\/index.php?rest_route=%2Fwp%2Fv2%2Fmedia&parent=15"}],"curies":[{"name":"wp","href":"https:\/\/api.w.org\/{rel}","templated":true}]}}